{"id":3,"date":"2021-09-25T14:39:27","date_gmt":"2021-09-25T12:39:27","guid":{"rendered":"https:\/\/circularmaterialsystems.com\/?page_id=3"},"modified":"2024-02-20T16:24:06","modified_gmt":"2024-02-20T15:24:06","slug":"datenschutzerklaerung","status":"publish","type":"page","link":"https:\/\/circularmaterialsystems.com\/en\/datenschutzerklaerung\/","title":{"rendered":"Datenschutzerkl\u00e4rung"},"content":{"rendered":"\n<p>Zuletzt aktualisiert: am 20-Feb-2024 <\/p>\n\n\n\n<p>Wirksam: ab 20-Feb-2024<\/p>\n\n\n\n<h3 class=\"wp-block-heading\">Wer wir sind<\/h3>\n\n\n\n<p>Die Adresse unserer Website ist: https:\/\/circularmaterialsystems.com.<\/p>\n\n\n\n<p>Diese Datenschutzrichtlinie beschreibt die Richtlinien von Circular City &#8211; Zirkul\u00e4re Stadt e.V., Rheinsberger Stra\u00dfe 34, Berlin 10435, Deutschland, <\/p>\n\n\n\n<p>E-Mail: <a>team(a)circular.berlin<\/a> <\/p>\n\n\n\n<p>Telefon: 015901434511 <\/p>\n\n\n\n<p>zur Erhebung, Verwendung und Offenlegung Ihrer Informationen, die wir sammeln, wenn Sie unsere Website (<a href=\"https:\/\/circularmaterialsystems.com\/\">https:\/\/circularmaterialsystems.com\/<\/a>) nutzen (der &#8220;Dienst&#8221;). Durch den Zugriff auf den Dienst oder dessen Nutzung erkl\u00e4ren Sie sich mit der Erhebung, Verwendung und Offenlegung Ihrer Informationen gem\u00e4\u00df dieser Datenschutzrichtlinie einverstanden. <\/p>\n\n\n\n<p>Wenn Sie damit nicht einverstanden sind, nutzen Sie bitte den Dienst nicht.<\/p>\n\n\n\n<p>Wir k\u00f6nnen diese Datenschutzrichtlinie jederzeit ohne vorherige Ank\u00fcndigung \u00e4ndern und die \u00fcberarbeitete Datenschutzrichtlinie auf dem Dienst ver\u00f6ffentlichen. Die \u00fcberarbeitete Richtlinie wird 180 Tage nach Ver\u00f6ffentlichung im Dienst wirksam, und Ihr fortgesetzter Zugriff oder Ihre fortgesetzte Nutzung des Dienstes nach diesem Zeitpunkt gilt als Ihre Zustimmung zur \u00fcberarbeiteten Datenschutzrichtlinie. Wir empfehlen daher, diese Seite regelm\u00e4\u00dfig zu \u00fcberpr\u00fcfen.<\/p>\n\n\n\n<h3 class=\"wp-block-heading\">Medien<\/h3>\n\n\n\n<p>Wenn du ein registrierter Benutzer bist und Fotos auf diese Website l\u00e4dst, solltest du vermeiden, Fotos mit einem EXIF-GPS-Standort hochzuladen. Besucher dieser Website k\u00f6nnten Fotos, die auf dieser Website gespeichert sind, herunterladen und deren Standort-Informationen extrahieren.<\/p>\n\n\n\n<h3 class=\"wp-block-heading\">Cookies<\/h3>\n\n\n\n<p>Wie viele andere Webseiten verwenden wir auch so genannte \u201eCookies\u201c. Bei Cookies handelt es sich um kleine Textdateien, die auf Ihrem Endger\u00e4t (Laptop, Tablet, Smartphone o.\u00e4.) gespeichert werden, wenn Sie unsere Webseite besuchen.<br>Sie k\u00f6nnen Sie einzelne Cookies oder den gesamten Cookie-Bestand l\u00f6schen. Dar\u00fcber hinaus erhalten Sie Informationen und Anleitungen, wie diese Cookies gel\u00f6scht oder deren Speicherung vorab blockiert werden k\u00f6nnen. Je nach Anbieter Ihres Browsers finden Sie die notwendigen Informationen unter den nachfolgenden Links:<\/p>\n\n\n\n<p>Chrome:&nbsp;<a href=\"https:\/\/support.google.com\/accounts\/answer\/32050\" target=\"_blank\" rel=\"noreferrer noopener\">https:\/\/support.google.com\/accounts\/answer\/32050<\/a><\/p>\n\n\n\n<p>Safari:&nbsp;<a href=\"https:\/\/support.apple.com\/en-in\/guide\/safari\/sfri11471\/mac\" target=\"_blank\" rel=\"noreferrer noopener\">https:\/\/support.apple.com\/en-in\/guide\/safari\/sfri11471\/mac<\/a><\/p>\n\n\n\n<p>Firefox:&nbsp;<a href=\"https:\/\/support.mozilla.org\/en-US\/kb\/clear-cookies-and-site-data-firefox?redirectslug=delete-cookies-remove-info-websites-stored&amp;redirectlocale=en-US\" target=\"_blank\" rel=\"noreferrer noopener\">https:\/\/support.mozilla.org\/en-US\/kb\/clear-cookies-and-site-data-firefox?redirectslug=delete-cookies-remove-info-websites-stored&amp;redirectlocale=en-US<\/a><\/p>\n\n\n\n<p>Internet Explorer:&nbsp;<a href=\"https:\/\/support.microsoft.com\/en-us\/topic\/how-to-delete-cookie-files-in-internet-explorer-bca9446f-d873-78de-77ba-d42645fa52fc\" target=\"_blank\" rel=\"noreferrer noopener\">https:\/\/support.microsoft.com\/en-us\/topic\/how-to-delete-cookie-files-in-internet-explorer-bca9446f-d873-78de-77ba-d42645fa52fc<\/a><\/p>\n\n\n\n<p><strong>SPEICHERDAUER UND EINGESETZTE COOKIES<\/strong><br>Soweit Sie uns durch Ihre Browsereinstellungen oder Zustimmung die Verwendung von Cookies erlauben, k\u00f6nnen folgende Cookies auf unseren Webseiten zum Einsatz kommen:<\/p>\n\n\n\n<p><strong>TECHNISCH NOTWENDIGE COOKIES<\/strong><\/p>\n\n\n\n<p><strong>ART UND ZWECK DER VERARBEITUNG<br><\/strong>Wir setzen Cookies ein, um unsere Website nutzerfreundlicher zu gestalten. Einige Elemente unserer Internetseite erfordern es, dass der aufrufende Browser auch nach einem Seitenwechsel identifiziert werden kann.<br>Der Zweck der Verwendung technisch notwendiger Cookies ist, die Nutzung von Websites f\u00fcr die Nutzer zu vereinfachen. Einige Funktionen unserer Internetseite k\u00f6nnen ohne den Einsatz von Cookies nicht angeboten werden. F\u00fcr diese ist es erforderlich, dass der Browser auch nach einem Seitenwechsel wiedererkannt wird.<br>F\u00fcr folgende Anwendungen ben\u00f6tigen wir Cookies: \u00dcbernahme von Spracheinstellungen<\/p>\n\n\n\n<h3 class=\"wp-block-heading\">Eingebettete Inhalte von anderen Websites<\/h3>\n\n\n\n<p>Links zu Dritten &amp; Verwendung Ihrer Informationen: Unser Dienst kann Links zu anderen Websites enthalten, die nicht von uns betrieben werden. Diese Datenschutzrichtlinie bezieht sich nicht auf die Datenschutzrichtlinie und andere Praktiken Dritter, einschlie\u00dflich Dritter, die eine Website oder einen Dienst betreiben, der \u00fcber einen Link auf dem Dienst zug\u00e4nglich sein kann. Wir empfehlen Ihnen dringend, die Datenschutzrichtlinie jeder Website zu \u00fcberpr\u00fcfen, die Sie besuchen. Wir haben keine Kontrolle \u00fcber und \u00fcbernehmen keine Verantwortung f\u00fcr den Inhalt, die Datenschutzrichtlinien oder Praktiken von Websites oder Diensten Dritter.<\/p>\n\n\n\n<h3 class=\"wp-block-heading\">Wie lange wir deine Daten speichern<\/h3>\n\n\n\n<p>Wir speichern keine Daten<\/p>\n\n\n\n<h3 class=\"wp-block-heading\">Welche Rechte du an deinen Daten hast<\/h3>\n\n\n\n<p>Je nach anwendbarem Recht haben Sie m\u00f6glicherweise das Recht, auf Ihre personenbezogenen Daten zuzugreifen und diese zu berichtigen oder zu l\u00f6schen oder eine Kopie Ihrer personenbezogenen Daten zu erhalten, die aktive Verarbeitung Ihrer Daten einzuschr\u00e4nken oder zu widersprechen, uns aufzufordern, Ihre personenbezogenen Informationen an eine andere Stelle zu \u00fcbertragen (Portabilit\u00e4t), Ihre erteilte Einwilligung zur Verarbeitung Ihrer Daten zu widerrufen, ein Recht, eine Beschwerde bei einer Aufsichtsbeh\u00f6rde einzureichen und weitere Rechte, die gem\u00e4\u00df den geltenden Gesetzen relevant sein k\u00f6nnen. <\/p>\n\n\n\n<p>Um diese Rechte auszu\u00fcben, k\u00f6nnen Sie uns unter <a>team@circular.berlin<\/a> kontaktieren. Wir werden gem\u00e4\u00df geltendem Recht auf Ihr Anliegen reagieren. Beachten Sie jedoch, dass Sie, wenn Sie uns nicht erlauben, die erforderlichen personenbezogenen Informationen zu erheben oder zu verarbeiten oder Ihre Einwilligung zur Verarbeitung derselben zu den erforderlichen Zwecken widerrufen, m\u00f6glicherweise nicht auf die Dienste zugreifen oder diese nutzen k\u00f6nnen, f\u00fcr die Ihre Informationen angefordert wurden.<\/p>\n\n\n\n<h3 class=\"wp-block-heading\">Beschwerden \/ Datenschutzbeauftragter <\/h3>\n\n\n\n<p>Wenn Sie Fragen oder Bedenken zur Verarbeitung Ihrer bei uns verf\u00fcgbaren Informationen haben, k\u00f6nnen Sie sich per E-Mail an <a>team@circular.berlin<\/a> wenden. <\/p>\n\n\n\n<p>Wir werden Ihre Anliegen gem\u00e4\u00df geltendem Recht bearbeiten<\/p>\n","protected":false},"excerpt":{"rendered":"<p>Zuletzt aktualisiert: am 20-Feb-2024 Wirksam: ab 20-Feb-2024 Wer wir sind Die Adresse unserer Website ist: https:\/\/circularmaterialsystems.com. Diese Datenschutzrichtlinie beschreibt die Richtlinien von Circular City &#8211; Zirkul\u00e4re Stadt e.V., Rheinsberger Stra\u00dfe 34, Berlin 10435, Deutschland, E-Mail: team(a)circular.berlin Telefon: 015901434511 zur Erhebung, Verwendung und Offenlegung Ihrer Informationen, die wir sammeln, wenn Sie unsere Website (https:\/\/circularmaterialsystems.com\/) nutzen (der [&hellip;]<\/p>\n","protected":false},"author":1,"featured_media":0,"parent":0,"menu_order":0,"comment_status":"closed","ping_status":"open","template":"","meta":{"_acf_changed":false,"footnotes":""},"class_list":["post-3","page","type-page","status-publish","hentry"],"acf":[],"yoast_head":"<!-- This site is optimized with the Yoast SEO plugin v25.0 - https:\/\/yoast.com\/wordpress\/plugins\/seo\/ -->\n<title>Datenschutzerkl\u00e4rung - Circular Material Systems<\/title>\n<meta name=\"robots\" content=\"index, follow, max-snippet:-1, max-image-preview:large, max-video-preview:-1\" \/>\n<link rel=\"canonical\" href=\"https:\/\/circularmaterialsystems.com\/en\/datenschutzerklaerung\/\" \/>\n<meta property=\"og:locale\" content=\"en_GB\" \/>\n<meta property=\"og:type\" content=\"article\" \/>\n<meta property=\"og:title\" content=\"Datenschutzerkl\u00e4rung - Circular Material Systems\" \/>\n<meta property=\"og:description\" content=\"Zuletzt aktualisiert: am 20-Feb-2024 Wirksam: ab 20-Feb-2024 Wer wir sind Die Adresse unserer Website ist: https:\/\/circularmaterialsystems.com. Diese Datenschutzrichtlinie beschreibt die Richtlinien von Circular City &#8211; Zirkul\u00e4re Stadt e.V., Rheinsberger Stra\u00dfe 34, Berlin 10435, Deutschland, E-Mail: team(a)circular.berlin Telefon: 015901434511 zur Erhebung, Verwendung und Offenlegung Ihrer Informationen, die wir sammeln, wenn Sie unsere Website (https:\/\/circularmaterialsystems.com\/) nutzen (der [&hellip;]\" \/>\n<meta property=\"og:url\" content=\"https:\/\/circularmaterialsystems.com\/en\/datenschutzerklaerung\/\" \/>\n<meta property=\"og:site_name\" content=\"Circular Material Systems\" \/>\n<meta property=\"article:modified_time\" content=\"2024-02-20T15:24:06+00:00\" \/>\n<meta name=\"twitter:card\" content=\"summary_large_image\" \/>\n<meta name=\"twitter:label1\" content=\"Estimated reading time\" \/>\n\t<meta name=\"twitter:data1\" content=\"4 minutes\" \/>\n<script type=\"application\/ld+json\" class=\"yoast-schema-graph\">{\"@context\":\"https:\/\/schema.org\",\"@graph\":[{\"@type\":\"WebPage\",\"@id\":\"https:\/\/circularmaterialsystems.com\/datenschutzerklaerung\/\",\"url\":\"https:\/\/circularmaterialsystems.com\/datenschutzerklaerung\/\",\"name\":\"Datenschutzerkl\u00e4rung - Circular Material Systems\",\"isPartOf\":{\"@id\":\"https:\/\/circularmaterialsystems.com\/#website\"},\"datePublished\":\"2021-09-25T12:39:27+00:00\",\"dateModified\":\"2024-02-20T15:24:06+00:00\",\"breadcrumb\":{\"@id\":\"https:\/\/circularmaterialsystems.com\/datenschutzerklaerung\/#breadcrumb\"},\"inLanguage\":\"en-GB\",\"potentialAction\":[{\"@type\":\"ReadAction\",\"target\":[\"https:\/\/circularmaterialsystems.com\/datenschutzerklaerung\/\"]}]},{\"@type\":\"BreadcrumbList\",\"@id\":\"https:\/\/circularmaterialsystems.com\/datenschutzerklaerung\/#breadcrumb\",\"itemListElement\":[{\"@type\":\"ListItem\",\"position\":1,\"name\":\"Home\",\"item\":\"https:\/\/circularmaterialsystems.com\/\"},{\"@type\":\"ListItem\",\"position\":2,\"name\":\"Datenschutzerkl\u00e4rung\"}]},{\"@type\":\"WebSite\",\"@id\":\"https:\/\/circularmaterialsystems.com\/#website\",\"url\":\"https:\/\/circularmaterialsystems.com\/\",\"name\":\"Circular Material Systems\",\"description\":\"\",\"potentialAction\":[{\"@type\":\"SearchAction\",\"target\":{\"@type\":\"EntryPoint\",\"urlTemplate\":\"https:\/\/circularmaterialsystems.com\/?s={search_term_string}\"},\"query-input\":{\"@type\":\"PropertyValueSpecification\",\"valueRequired\":true,\"valueName\":\"search_term_string\"}}],\"inLanguage\":\"en-GB\"}]}<\/script>\n<!-- \/ Yoast SEO plugin. -->","yoast_head_json":{"title":"Datenschutzerkl\u00e4rung - Circular Material Systems","robots":{"index":"index","follow":"follow","max-snippet":"max-snippet:-1","max-image-preview":"max-image-preview:large","max-video-preview":"max-video-preview:-1"},"canonical":"https:\/\/circularmaterialsystems.com\/en\/datenschutzerklaerung\/","og_locale":"en_GB","og_type":"article","og_title":"Datenschutzerkl\u00e4rung - Circular Material Systems","og_description":"Zuletzt aktualisiert: am 20-Feb-2024 Wirksam: ab 20-Feb-2024 Wer wir sind Die Adresse unserer Website ist: https:\/\/circularmaterialsystems.com. Diese Datenschutzrichtlinie beschreibt die Richtlinien von Circular City &#8211; Zirkul\u00e4re Stadt e.V., Rheinsberger Stra\u00dfe 34, Berlin 10435, Deutschland, E-Mail: team(a)circular.berlin Telefon: 015901434511 zur Erhebung, Verwendung und Offenlegung Ihrer Informationen, die wir sammeln, wenn Sie unsere Website (https:\/\/circularmaterialsystems.com\/) nutzen (der [&hellip;]","og_url":"https:\/\/circularmaterialsystems.com\/en\/datenschutzerklaerung\/","og_site_name":"Circular Material Systems","article_modified_time":"2024-02-20T15:24:06+00:00","twitter_card":"summary_large_image","twitter_misc":{"Estimated reading time":"4 minutes"},"schema":{"@context":"https:\/\/schema.org","@graph":[{"@type":"WebPage","@id":"https:\/\/circularmaterialsystems.com\/datenschutzerklaerung\/","url":"https:\/\/circularmaterialsystems.com\/datenschutzerklaerung\/","name":"Datenschutzerkl\u00e4rung - Circular Material Systems","isPartOf":{"@id":"https:\/\/circularmaterialsystems.com\/#website"},"datePublished":"2021-09-25T12:39:27+00:00","dateModified":"2024-02-20T15:24:06+00:00","breadcrumb":{"@id":"https:\/\/circularmaterialsystems.com\/datenschutzerklaerung\/#breadcrumb"},"inLanguage":"en-GB","potentialAction":[{"@type":"ReadAction","target":["https:\/\/circularmaterialsystems.com\/datenschutzerklaerung\/"]}]},{"@type":"BreadcrumbList","@id":"https:\/\/circularmaterialsystems.com\/datenschutzerklaerung\/#breadcrumb","itemListElement":[{"@type":"ListItem","position":1,"name":"Home","item":"https:\/\/circularmaterialsystems.com\/"},{"@type":"ListItem","position":2,"name":"Datenschutzerkl\u00e4rung"}]},{"@type":"WebSite","@id":"https:\/\/circularmaterialsystems.com\/#website","url":"https:\/\/circularmaterialsystems.com\/","name":"Circular Material Systems","description":"","potentialAction":[{"@type":"SearchAction","target":{"@type":"EntryPoint","urlTemplate":"https:\/\/circularmaterialsystems.com\/?s={search_term_string}"},"query-input":{"@type":"PropertyValueSpecification","valueRequired":true,"valueName":"search_term_string"}}],"inLanguage":"en-GB"}]}},"_links":{"self":[{"href":"https:\/\/circularmaterialsystems.com\/en\/wp-json\/wp\/v2\/pages\/3","targetHints":{"allow":["GET"]}}],"collection":[{"href":"https:\/\/circularmaterialsystems.com\/en\/wp-json\/wp\/v2\/pages"}],"about":[{"href":"https:\/\/circularmaterialsystems.com\/en\/wp-json\/wp\/v2\/types\/page"}],"author":[{"embeddable":true,"href":"https:\/\/circularmaterialsystems.com\/en\/wp-json\/wp\/v2\/users\/1"}],"replies":[{"embeddable":true,"href":"https:\/\/circularmaterialsystems.com\/en\/wp-json\/wp\/v2\/comments?post=3"}],"version-history":[{"count":6,"href":"https:\/\/circularmaterialsystems.com\/en\/wp-json\/wp\/v2\/pages\/3\/revisions"}],"predecessor-version":[{"id":1020,"href":"https:\/\/circularmaterialsystems.com\/en\/wp-json\/wp\/v2\/pages\/3\/revisions\/1020"}],"wp:attachment":[{"href":"https:\/\/circularmaterialsystems.com\/en\/wp-json\/wp\/v2\/media?parent=3"}],"curies":[{"name":"wp","href":"https:\/\/api.w.org\/{rel}","templated":true}]}}