{"id":27,"date":"2021-09-27T14:11:15","date_gmt":"2021-09-27T12:11:15","guid":{"rendered":"https:\/\/circularmaterialsystems.com\/?page_id=27"},"modified":"2024-01-30T18:14:06","modified_gmt":"2024-01-30T17:14:06","slug":"about","status":"publish","type":"page","link":"https:\/\/circularmaterialsystems.com\/en\/about\/","title":{"rendered":"ABOUT"},"content":{"rendered":"\n<p>\u2018Circular Material Systems\u2019 collects circular practices in construction across Europe that contribute to keep materials in the value chain. By highlighting material as well as immaterial practices, a new architectural language emerges that is adapted to the age of the Anthropocene. In addition to the building analysis, circular practices were identified, aiming to offer practical steps and help for designers, construction clients and asset owners seeking to incorporate circular economy principles into their projects.<\/p>\n\n\n\n<p>The project was  the result of a research collaboration between Georg Hubmann and Vera van Maaren. They were teaching four seminars at TU Berlin between 2021-2023, presented papers at two conferences and one symposium, organised three exhibitions, were part of the New European Bauhaus Festival, made site-visits, and had many work meetings to make this possible. A big applause goes to all the 65 students  who passionately contributed to the case studies.<\/p>\n\n\n\n<p>Circular Berlin team provided valuable input for the case study content finalisation and practices description, as well as contributed to the realisation of the website. <\/p>\n\n\n\n<h2 class=\"wp-block-heading\">COLLABORATORS<\/h2>\n\n\n\n<h4 class=\"wp-block-heading\">PROJECT AND CONCEPT DESIGN<\/h4>\n\n\n\n<p><a href=\"https:\/\/orcid.org\/0000-0003-1069-4977\">Georg Hubmann<\/a><br>Vera van Maaren<br>Dina Padalkina, Circular Berlin<\/p>\n\n\n\n<h4 class=\"wp-block-heading\">CONTENT CONTRIBUTORS<\/h4>\n\n\n\n<p>Alexey Kotegov, Alexia Bastard, Alexis Rolin, Ana Filipa Alvaneo, Andrew Parry, Ani Tashi, Anne Sophie Wilhelm, Benedikt Kurz, Benjamin Peralta, Charlotte Cioni, Christian Zimmermann, Dayana Adzhemova, Dennis Antiperovitch, El\u00e9na Toth , Elisa Eagleton, Elmedina Ajvazaj, Eren Cavusoglu, Felix Exton-Smith, Gabriel Sigler, G\u00f6kce Senol, Jehad Waleed Abd Elrahem Taqatqa, Johannes H\u00e4ufler, Jonas M\u00f6ller, Juan Pablo Vaca Lago, Julia Freiin Rinck von Baldenstein, Katarzyna Maliszewska, Katrina Malinski, Kazuki Ohashi, Kevin Lehoux, Konrad Mothes, Laura Mysengsay, Leo David Luken, Lila Gouillaud, Lorenz Sedlmayr, Louis Mahiant, Lucas Rolim Carvalho Rodrigues Leite, Luisa Limbach, Lupus Siegert, Mairi Zountsa, Manon Ponthieu, Maria Domingo, Marie Quante, Marlon Theis, Matthew Straub, Natalia Garcia Medellin, Nina Koschmann, Nisa K\u00f6m\u00fcrc\u00fc, Nora Kersting, Nouran Mansour, Pascal M\u00fcller, Paul Porath, Rahman Esfaqur&nbsp;, Susan Dodd, Valentin Suhr, Yasmin Sara Fennessy, Zhuoran Zhang, Ziran Mao<\/p>\n\n\n\n<h4 class=\"wp-block-heading\">GRAPHIC AND WEB DESING<\/h4>\n\n\n\n<p>Gian Marco Morigi, Visual Identity<br>Max Mauracher,\u00a0<a href=\"https:\/\/newstandard.studio\">New Standard.Studio<\/a>,\u00a0Web Design<br>Julius Schaeufele,\u00a0<a href=\"https:\/\/concular.de\">Concular<\/a>, Website development<br><a href=\"http:\/\/www.circular.berlin\">Circular Berlin<\/a> team: Cristina Orizzonte, Jessamy Hardie, Jojo Shone, Susan Weide<\/p>\n\n\n\n<h4 class=\"wp-block-heading\">ENDORSEMENT<\/h4>\n\n\n\n<p>We would like to thank the team of the <a href=\"https:\/\/www.berlin-university-alliance.de\">Berlin University Alliance (BUA)<\/a> for their financial support as part of the X-Student Research Programme as well as the <a href=\"https:\/\/www.netherlandsworldwide.nl\/contact\/embassies-consulates-general\/germany\/embassy-berlin\">Embassy of the Netherlands in Berlin<\/a>, <a href=\"https:\/\/concular.de\">Concular<\/a>, <a href=\"https:\/\/madaster.de\">Madaster<\/a> and the <a href=\"https:\/\/www.material-mafia.net\">Material Mafia <\/a>for their support. As well as <a href=\"https:\/\/www.ikeastiftung.de\" data-type=\"link\" data-id=\"https:\/\/www.ikeastiftung.de\">IKEA Stiftung<\/a> in the support for the website realisation.<\/p>\n\n\n\n<h2 class=\"wp-block-heading\">CONTACT<\/h2>\n\n\n\n<p>team(a)circular.berlin<br>Please follow our&nbsp;<a href=\"https:\/\/www.instagram.com\/circularmaterialsystems\/\">Instagram-account<\/a>&nbsp;for updates.<\/p>\n\n\n\n<h4 class=\"wp-block-heading\">USE OF VISUALS<\/h4>\n\n\n\n<p>Please contact us in case you want to use any images shared on this website. <\/p>\n","protected":false},"excerpt":{"rendered":"<p>\u2018Circular Material Systems\u2019 collects circular practices in construction across Europe that contribute to keep materials in the value chain. By highlighting material as well as immaterial practices, a new architectural language emerges that is adapted to the age of the Anthropocene. In addition to the building analysis, circular practices were identified, aiming to offer practical [&hellip;]<\/p>\n","protected":false},"author":1,"featured_media":0,"parent":0,"menu_order":0,"comment_status":"closed","ping_status":"closed","template":"","meta":{"_acf_changed":false,"footnotes":""},"class_list":["post-27","page","type-page","status-publish","hentry"],"acf":[],"yoast_head":"<!-- This site is optimized with the Yoast SEO plugin v25.0 - https:\/\/yoast.com\/wordpress\/plugins\/seo\/ -->\n<title>ABOUT - Circular Material Systems<\/title>\n<meta name=\"robots\" content=\"index, follow, max-snippet:-1, max-image-preview:large, max-video-preview:-1\" \/>\n<link rel=\"canonical\" href=\"https:\/\/circularmaterialsystems.com\/en\/about\/\" \/>\n<meta property=\"og:locale\" content=\"en_GB\" \/>\n<meta property=\"og:type\" content=\"article\" \/>\n<meta property=\"og:title\" content=\"ABOUT - Circular Material Systems\" \/>\n<meta property=\"og:description\" content=\"\u2018Circular Material Systems\u2019 collects circular practices in construction across Europe that contribute to keep materials in the value chain. By highlighting material as well as immaterial practices, a new architectural language emerges that is adapted to the age of the Anthropocene. In addition to the building analysis, circular practices were identified, aiming to offer practical [&hellip;]\" \/>\n<meta property=\"og:url\" content=\"https:\/\/circularmaterialsystems.com\/en\/about\/\" \/>\n<meta property=\"og:site_name\" content=\"Circular Material Systems\" \/>\n<meta property=\"article:modified_time\" content=\"2024-01-30T17:14:06+00:00\" \/>\n<meta name=\"twitter:card\" content=\"summary_large_image\" \/>\n<meta name=\"twitter:label1\" content=\"Estimated reading time\" \/>\n\t<meta name=\"twitter:data1\" content=\"2 minutes\" \/>\n<script type=\"application\/ld+json\" class=\"yoast-schema-graph\">{\"@context\":\"https:\/\/schema.org\",\"@graph\":[{\"@type\":\"WebPage\",\"@id\":\"https:\/\/circularmaterialsystems.com\/about\/\",\"url\":\"https:\/\/circularmaterialsystems.com\/about\/\",\"name\":\"ABOUT - Circular Material Systems\",\"isPartOf\":{\"@id\":\"https:\/\/circularmaterialsystems.com\/#website\"},\"datePublished\":\"2021-09-27T12:11:15+00:00\",\"dateModified\":\"2024-01-30T17:14:06+00:00\",\"breadcrumb\":{\"@id\":\"https:\/\/circularmaterialsystems.com\/about\/#breadcrumb\"},\"inLanguage\":\"en-GB\",\"potentialAction\":[{\"@type\":\"ReadAction\",\"target\":[\"https:\/\/circularmaterialsystems.com\/about\/\"]}]},{\"@type\":\"BreadcrumbList\",\"@id\":\"https:\/\/circularmaterialsystems.com\/about\/#breadcrumb\",\"itemListElement\":[{\"@type\":\"ListItem\",\"position\":1,\"name\":\"Home\",\"item\":\"https:\/\/circularmaterialsystems.com\/\"},{\"@type\":\"ListItem\",\"position\":2,\"name\":\"ABOUT\"}]},{\"@type\":\"WebSite\",\"@id\":\"https:\/\/circularmaterialsystems.com\/#website\",\"url\":\"https:\/\/circularmaterialsystems.com\/\",\"name\":\"Circular Material Systems\",\"description\":\"\",\"potentialAction\":[{\"@type\":\"SearchAction\",\"target\":{\"@type\":\"EntryPoint\",\"urlTemplate\":\"https:\/\/circularmaterialsystems.com\/?s={search_term_string}\"},\"query-input\":{\"@type\":\"PropertyValueSpecification\",\"valueRequired\":true,\"valueName\":\"search_term_string\"}}],\"inLanguage\":\"en-GB\"}]}<\/script>\n<!-- \/ Yoast SEO plugin. -->","yoast_head_json":{"title":"ABOUT - Circular Material Systems","robots":{"index":"index","follow":"follow","max-snippet":"max-snippet:-1","max-image-preview":"max-image-preview:large","max-video-preview":"max-video-preview:-1"},"canonical":"https:\/\/circularmaterialsystems.com\/en\/about\/","og_locale":"en_GB","og_type":"article","og_title":"ABOUT - Circular Material Systems","og_description":"\u2018Circular Material Systems\u2019 collects circular practices in construction across Europe that contribute to keep materials in the value chain. By highlighting material as well as immaterial practices, a new architectural language emerges that is adapted to the age of the Anthropocene. In addition to the building analysis, circular practices were identified, aiming to offer practical [&hellip;]","og_url":"https:\/\/circularmaterialsystems.com\/en\/about\/","og_site_name":"Circular Material Systems","article_modified_time":"2024-01-30T17:14:06+00:00","twitter_card":"summary_large_image","twitter_misc":{"Estimated reading time":"2 minutes"},"schema":{"@context":"https:\/\/schema.org","@graph":[{"@type":"WebPage","@id":"https:\/\/circularmaterialsystems.com\/about\/","url":"https:\/\/circularmaterialsystems.com\/about\/","name":"ABOUT - Circular Material Systems","isPartOf":{"@id":"https:\/\/circularmaterialsystems.com\/#website"},"datePublished":"2021-09-27T12:11:15+00:00","dateModified":"2024-01-30T17:14:06+00:00","breadcrumb":{"@id":"https:\/\/circularmaterialsystems.com\/about\/#breadcrumb"},"inLanguage":"en-GB","potentialAction":[{"@type":"ReadAction","target":["https:\/\/circularmaterialsystems.com\/about\/"]}]},{"@type":"BreadcrumbList","@id":"https:\/\/circularmaterialsystems.com\/about\/#breadcrumb","itemListElement":[{"@type":"ListItem","position":1,"name":"Home","item":"https:\/\/circularmaterialsystems.com\/"},{"@type":"ListItem","position":2,"name":"ABOUT"}]},{"@type":"WebSite","@id":"https:\/\/circularmaterialsystems.com\/#website","url":"https:\/\/circularmaterialsystems.com\/","name":"Circular Material Systems","description":"","potentialAction":[{"@type":"SearchAction","target":{"@type":"EntryPoint","urlTemplate":"https:\/\/circularmaterialsystems.com\/?s={search_term_string}"},"query-input":{"@type":"PropertyValueSpecification","valueRequired":true,"valueName":"search_term_string"}}],"inLanguage":"en-GB"}]}},"_links":{"self":[{"href":"https:\/\/circularmaterialsystems.com\/en\/wp-json\/wp\/v2\/pages\/27","targetHints":{"allow":["GET"]}}],"collection":[{"href":"https:\/\/circularmaterialsystems.com\/en\/wp-json\/wp\/v2\/pages"}],"about":[{"href":"https:\/\/circularmaterialsystems.com\/en\/wp-json\/wp\/v2\/types\/page"}],"author":[{"embeddable":true,"href":"https:\/\/circularmaterialsystems.com\/en\/wp-json\/wp\/v2\/users\/1"}],"replies":[{"embeddable":true,"href":"https:\/\/circularmaterialsystems.com\/en\/wp-json\/wp\/v2\/comments?post=27"}],"version-history":[{"count":15,"href":"https:\/\/circularmaterialsystems.com\/en\/wp-json\/wp\/v2\/pages\/27\/revisions"}],"predecessor-version":[{"id":1005,"href":"https:\/\/circularmaterialsystems.com\/en\/wp-json\/wp\/v2\/pages\/27\/revisions\/1005"}],"wp:attachment":[{"href":"https:\/\/circularmaterialsystems.com\/en\/wp-json\/wp\/v2\/media?parent=27"}],"curies":[{"name":"wp","href":"https:\/\/api.w.org\/{rel}","templated":true}]}}