{"id":1011,"date":"2024-02-20T15:41:37","date_gmt":"2024-02-20T14:41:37","guid":{"rendered":"https:\/\/circularmaterialsystems.com\/?page_id=1011"},"modified":"2024-02-20T15:41:37","modified_gmt":"2024-02-20T14:41:37","slug":"imprint","status":"publish","type":"page","link":"https:\/\/circularmaterialsystems.com\/en\/imprint\/","title":{"rendered":"Imprint"},"content":{"rendered":"\n<p><strong>Sitz<\/strong><\/p>\n\n\n\n<p>Circular City \u2013 Zirkul\u00e4re Stadt e.V.<br>Rheinsberger Stra\u00dfe 34<br>10435 Berlin<\/p>\n\n\n\n<p><strong>Vorstand<\/strong><\/p>\n\n\n\n<p>Dina Padalkina (Vorsizender), Arianna Nicoletti (Zweiter Vorsitzender)<\/p>\n\n\n\n<p><strong>Zust\u00e4ndiges amtsgericht<\/strong><\/p>\n\n\n\n<p>Amtsgericht Charlottenburg<\/p>\n\n\n\n<p><strong>Eintragung im vereinsregister<\/strong><\/p>\n\n\n\n<p>Registergericht: Berlin-Charlottenburg<br>Registernummer: VR 37482 B<br>Gr\u00fcndungsjahr: 2019<\/p>\n\n\n\n<p><strong>Web<\/strong><\/p>\n\n\n\n<p>[https:\/\/] circular.berlin<\/p>\n\n\n\n<p><strong>Email<\/strong><\/p>\n\n\n\n<p>team [a] circular.berlin<\/p>\n\n\n\n<p><strong>Telefon<\/strong><\/p>\n\n\n\n<p>+49 (0) 159 01 434511<\/p>\n\n\n\n<p><strong>Besucheradresse \/ Visitor address<\/strong><br>NA<\/p>\n","protected":false},"excerpt":{"rendered":"<p>Sitz Circular City \u2013 Zirkul\u00e4re Stadt e.V.Rheinsberger Stra\u00dfe 3410435 Berlin Vorstand Dina Padalkina (Vorsizender), Arianna Nicoletti (Zweiter Vorsitzender) Zust\u00e4ndiges amtsgericht Amtsgericht Charlottenburg Eintragung im vereinsregister Registergericht: Berlin-CharlottenburgRegisternummer: VR 37482 BGr\u00fcndungsjahr: 2019 Web [https:\/\/] circular.berlin Email team [a] circular.berlin Telefon +49 (0) 159 01 434511 Besucheradresse \/ Visitor addressNA<\/p>\n","protected":false},"author":2,"featured_media":0,"parent":0,"menu_order":0,"comment_status":"closed","ping_status":"open","template":"","meta":{"_acf_changed":false,"footnotes":""},"class_list":["post-1011","page","type-page","status-publish","hentry"],"acf":[],"yoast_head":"<!-- This site is optimized with the Yoast SEO plugin v25.0 - https:\/\/yoast.com\/wordpress\/plugins\/seo\/ -->\n<title>Imprint - Circular Material Systems<\/title>\n<meta name=\"robots\" content=\"index, follow, max-snippet:-1, max-image-preview:large, max-video-preview:-1\" \/>\n<link rel=\"canonical\" href=\"https:\/\/circularmaterialsystems.com\/en\/imprint\/\" \/>\n<meta property=\"og:locale\" content=\"en_GB\" \/>\n<meta property=\"og:type\" content=\"article\" \/>\n<meta property=\"og:title\" content=\"Imprint - Circular Material Systems\" \/>\n<meta property=\"og:description\" content=\"Sitz Circular City \u2013 Zirkul\u00e4re Stadt e.V.Rheinsberger Stra\u00dfe 3410435 Berlin Vorstand Dina Padalkina (Vorsizender), Arianna Nicoletti (Zweiter Vorsitzender) Zust\u00e4ndiges amtsgericht Amtsgericht Charlottenburg Eintragung im vereinsregister Registergericht: Berlin-CharlottenburgRegisternummer: VR 37482 BGr\u00fcndungsjahr: 2019 Web [https:\/\/] circular.berlin Email team [a] circular.berlin Telefon +49 (0) 159 01 434511 Besucheradresse \/ Visitor addressNA\" \/>\n<meta property=\"og:url\" content=\"https:\/\/circularmaterialsystems.com\/en\/imprint\/\" \/>\n<meta property=\"og:site_name\" content=\"Circular Material Systems\" \/>\n<meta name=\"twitter:card\" content=\"summary_large_image\" \/>\n<script type=\"application\/ld+json\" class=\"yoast-schema-graph\">{\"@context\":\"https:\/\/schema.org\",\"@graph\":[{\"@type\":\"WebPage\",\"@id\":\"https:\/\/circularmaterialsystems.com\/imprint\/\",\"url\":\"https:\/\/circularmaterialsystems.com\/imprint\/\",\"name\":\"Imprint - Circular Material Systems\",\"isPartOf\":{\"@id\":\"https:\/\/circularmaterialsystems.com\/#website\"},\"datePublished\":\"2024-02-20T14:41:37+00:00\",\"breadcrumb\":{\"@id\":\"https:\/\/circularmaterialsystems.com\/imprint\/#breadcrumb\"},\"inLanguage\":\"en-GB\",\"potentialAction\":[{\"@type\":\"ReadAction\",\"target\":[\"https:\/\/circularmaterialsystems.com\/imprint\/\"]}]},{\"@type\":\"BreadcrumbList\",\"@id\":\"https:\/\/circularmaterialsystems.com\/imprint\/#breadcrumb\",\"itemListElement\":[{\"@type\":\"ListItem\",\"position\":1,\"name\":\"Home\",\"item\":\"https:\/\/circularmaterialsystems.com\/\"},{\"@type\":\"ListItem\",\"position\":2,\"name\":\"Imprint\"}]},{\"@type\":\"WebSite\",\"@id\":\"https:\/\/circularmaterialsystems.com\/#website\",\"url\":\"https:\/\/circularmaterialsystems.com\/\",\"name\":\"Circular Material Systems\",\"description\":\"\",\"potentialAction\":[{\"@type\":\"SearchAction\",\"target\":{\"@type\":\"EntryPoint\",\"urlTemplate\":\"https:\/\/circularmaterialsystems.com\/?s={search_term_string}\"},\"query-input\":{\"@type\":\"PropertyValueSpecification\",\"valueRequired\":true,\"valueName\":\"search_term_string\"}}],\"inLanguage\":\"en-GB\"}]}<\/script>\n<!-- \/ Yoast SEO plugin. -->","yoast_head_json":{"title":"Imprint - Circular Material Systems","robots":{"index":"index","follow":"follow","max-snippet":"max-snippet:-1","max-image-preview":"max-image-preview:large","max-video-preview":"max-video-preview:-1"},"canonical":"https:\/\/circularmaterialsystems.com\/en\/imprint\/","og_locale":"en_GB","og_type":"article","og_title":"Imprint - Circular Material Systems","og_description":"Sitz Circular City \u2013 Zirkul\u00e4re Stadt e.V.Rheinsberger Stra\u00dfe 3410435 Berlin Vorstand Dina Padalkina (Vorsizender), Arianna Nicoletti (Zweiter Vorsitzender) Zust\u00e4ndiges amtsgericht Amtsgericht Charlottenburg Eintragung im vereinsregister Registergericht: Berlin-CharlottenburgRegisternummer: VR 37482 BGr\u00fcndungsjahr: 2019 Web [https:\/\/] circular.berlin Email team [a] circular.berlin Telefon +49 (0) 159 01 434511 Besucheradresse \/ Visitor addressNA","og_url":"https:\/\/circularmaterialsystems.com\/en\/imprint\/","og_site_name":"Circular Material Systems","twitter_card":"summary_large_image","schema":{"@context":"https:\/\/schema.org","@graph":[{"@type":"WebPage","@id":"https:\/\/circularmaterialsystems.com\/imprint\/","url":"https:\/\/circularmaterialsystems.com\/imprint\/","name":"Imprint - Circular Material Systems","isPartOf":{"@id":"https:\/\/circularmaterialsystems.com\/#website"},"datePublished":"2024-02-20T14:41:37+00:00","breadcrumb":{"@id":"https:\/\/circularmaterialsystems.com\/imprint\/#breadcrumb"},"inLanguage":"en-GB","potentialAction":[{"@type":"ReadAction","target":["https:\/\/circularmaterialsystems.com\/imprint\/"]}]},{"@type":"BreadcrumbList","@id":"https:\/\/circularmaterialsystems.com\/imprint\/#breadcrumb","itemListElement":[{"@type":"ListItem","position":1,"name":"Home","item":"https:\/\/circularmaterialsystems.com\/"},{"@type":"ListItem","position":2,"name":"Imprint"}]},{"@type":"WebSite","@id":"https:\/\/circularmaterialsystems.com\/#website","url":"https:\/\/circularmaterialsystems.com\/","name":"Circular Material Systems","description":"","potentialAction":[{"@type":"SearchAction","target":{"@type":"EntryPoint","urlTemplate":"https:\/\/circularmaterialsystems.com\/?s={search_term_string}"},"query-input":{"@type":"PropertyValueSpecification","valueRequired":true,"valueName":"search_term_string"}}],"inLanguage":"en-GB"}]}},"_links":{"self":[{"href":"https:\/\/circularmaterialsystems.com\/en\/wp-json\/wp\/v2\/pages\/1011","targetHints":{"allow":["GET"]}}],"collection":[{"href":"https:\/\/circularmaterialsystems.com\/en\/wp-json\/wp\/v2\/pages"}],"about":[{"href":"https:\/\/circularmaterialsystems.com\/en\/wp-json\/wp\/v2\/types\/page"}],"author":[{"embeddable":true,"href":"https:\/\/circularmaterialsystems.com\/en\/wp-json\/wp\/v2\/users\/2"}],"replies":[{"embeddable":true,"href":"https:\/\/circularmaterialsystems.com\/en\/wp-json\/wp\/v2\/comments?post=1011"}],"version-history":[{"count":2,"href":"https:\/\/circularmaterialsystems.com\/en\/wp-json\/wp\/v2\/pages\/1011\/revisions"}],"predecessor-version":[{"id":1013,"href":"https:\/\/circularmaterialsystems.com\/en\/wp-json\/wp\/v2\/pages\/1011\/revisions\/1013"}],"wp:attachment":[{"href":"https:\/\/circularmaterialsystems.com\/en\/wp-json\/wp\/v2\/media?parent=1011"}],"curies":[{"name":"wp","href":"https:\/\/api.w.org\/{rel}","templated":true}]}}