{"id":48,"date":"2021-12-27T13:36:46","date_gmt":"2021-12-27T12:36:46","guid":{"rendered":"https:\/\/circularmaterialsystems.com\/?page_id=48"},"modified":"2024-05-30T20:21:24","modified_gmt":"2024-05-30T18:21:24","slug":"circular-material-system","status":"publish","type":"page","link":"https:\/\/circularmaterialsystems.com\/de\/","title":{"rendered":"Home"},"content":{"rendered":"<div class=\"wp-block-cover\" style=\"min-height:604px;aspect-ratio:unset;\"><span aria-hidden=\"true\" class=\"wp-block-cover__background has-background-dim\" style=\"background-color:#675c50\"><\/span><img loading=\"lazy\" decoding=\"async\" width=\"2560\" height=\"1707\" class=\"wp-block-cover__image-background wp-image-1238\" alt=\"Photo by Ron Lach : https:\/\/www.pexels.com\/photo\/wooden-construction-of-a-house-8830259\/\" src=\"https:\/\/circularmaterialsystems.com\/wp-content\/uploads\/2024\/05\/pexels-ron-lach-8830259-1-scaled.jpg\" data-object-fit=\"cover\" srcset=\"https:\/\/circularmaterialsystems.com\/wp-content\/uploads\/2024\/05\/pexels-ron-lach-8830259-1-scaled.jpg 2560w, https:\/\/circularmaterialsystems.com\/wp-content\/uploads\/2024\/05\/pexels-ron-lach-8830259-1-300x200.jpg 300w, https:\/\/circularmaterialsystems.com\/wp-content\/uploads\/2024\/05\/pexels-ron-lach-8830259-1-1024x683.jpg 1024w, https:\/\/circularmaterialsystems.com\/wp-content\/uploads\/2024\/05\/pexels-ron-lach-8830259-1-768x512.jpg 768w, https:\/\/circularmaterialsystems.com\/wp-content\/uploads\/2024\/05\/pexels-ron-lach-8830259-1-1536x1024.jpg 1536w, https:\/\/circularmaterialsystems.com\/wp-content\/uploads\/2024\/05\/pexels-ron-lach-8830259-1-2048x1365.jpg 2048w, https:\/\/circularmaterialsystems.com\/wp-content\/uploads\/2024\/05\/pexels-ron-lach-8830259-1-18x12.jpg 18w\" sizes=\"auto, (max-width: 2560px) 100vw, 2560px\" \/><div class=\"wp-block-cover__inner-container is-layout-flow wp-block-cover-is-layout-flow\">\n<p class=\"has-text-align-center has-large-font-size\">Entdecken Sie Projekte und Praktiken f\u00fcr zirkul\u00e4res Bauen<\/p>\n<\/div><\/div>\n\n\n\n<p>Der Baubereich ist f\u00fcr gro\u00dfe Mengen an Abfall und Emissionen verantwortlich. Geb\u00e4ude sind massive Rohstoff- und Energieverbraucher. Die Konstruktion und der Betrieb von Geb\u00e4uden machen derzeit 37% der globalen Treibhausgasemissionen aus. Um die Dinge zu versch\u00e4rfen, gehen etwa 95% des Werts von Baumaterialien verloren, wenn Geb\u00e4ude in die Obsoleszenz \u00fcbergehen und dann abgerissen werden. Dies liegt weitgehend am derzeit vorherrschenden Modell des \"Nehmens, Machens, Entsorgens\", das im Mittelpunkt des Immobilien- und Baugewerbes steht.<\/p>\n\n\n\n<h2 class=\"wp-block-heading\" style=\"font-size:50px\">Materialien in einen geschlossenen Kreislauf integrieren<\/h2>\n\n\n\n<div class=\"wp-block-media-text is-stacked-on-mobile\"><figure class=\"wp-block-media-text__media\"><img loading=\"lazy\" decoding=\"async\" width=\"1000\" height=\"699\" src=\"https:\/\/circularmaterialsystems.com\/wp-content\/uploads\/2024\/01\/DIAGAM_CIRCULARITY_NEW.jpg\" alt=\"\" class=\"wp-image-835 size-full\" srcset=\"https:\/\/circularmaterialsystems.com\/wp-content\/uploads\/2024\/01\/DIAGAM_CIRCULARITY_NEW.jpg 1000w, https:\/\/circularmaterialsystems.com\/wp-content\/uploads\/2024\/01\/DIAGAM_CIRCULARITY_NEW-300x210.jpg 300w, https:\/\/circularmaterialsystems.com\/wp-content\/uploads\/2024\/01\/DIAGAM_CIRCULARITY_NEW-768x537.jpg 768w, https:\/\/circularmaterialsystems.com\/wp-content\/uploads\/2024\/01\/DIAGAM_CIRCULARITY_NEW-18x12.jpg 18w\" sizes=\"auto, (max-width: 1000px) 100vw, 1000px\" \/><\/figure><div class=\"wp-block-media-text__content\">\n<h4 class=\"wp-block-heading\">Wie w\u00e4re es mit der Idee einer Architektur, die Materialien in einen geschlossenen Kreislauf einbezieht? <\/h4>\n\n\n\n<p>Circular Material Systems konzentriert sich auf Praktiken - Materialien, Design und Prozesse, die \u00fcber die Architektur hinausgehen. Die Zusammenarbeit von Wissenschaft und Praxis schafft einen \u00dcberblick dar\u00fcber, was bereits in einem expandierenden Bereich m\u00f6glich ist.<\/p>\n\n\n\n<p>Diese Website ist ein laufendes Projekt, das einen Atlas von Best-Practice-Beispielen erstellt, um von ihnen zu lernen und sich inspirieren zu lassen.<\/p>\n<\/div><\/div>\n\n\n\n<h2 class=\"wp-block-heading\" style=\"font-size:50px\">Von Projekten lernen<\/h2>\n\n\n\n<div class=\"wp-block-group\"><div class=\"wp-block-group__inner-container is-layout-constrained wp-block-group-is-layout-constrained\">\n<div class=\"wp-block-columns is-layout-flex wp-container-core-columns-is-layout-9d6595d7 wp-block-columns-is-layout-flex\">\n<div class=\"wp-block-column is-layout-flow wp-block-column-is-layout-flow\" style=\"flex-basis:33.33%\">\n<p>Circular Material Systems enth\u00e4lt ein Repository abgeschlossener kreislauforientierter Bauprojekte in ganz Europa, die vielf\u00e4ltige Praktiken der Circular Economy umsetzen.<br>Sie k\u00f6nnen auch Ihr eigenes zirkul\u00e4res Bauprojekt mit uns teilen, indem Sie uns kontaktieren.<\/p>\n\n\n\n<div class=\"wp-block-buttons is-layout-flex wp-block-buttons-is-layout-flex\">\n<div class=\"wp-block-button\"><a class=\"wp-block-button__link wp-element-button\" href=\"https:\/\/circularmaterialsystems.com\/de\/cases\/\">Die Projekte erkunden<\/a><\/div>\n<\/div>\n<\/div>\n\n\n\n<div class=\"wp-block-column is-layout-flow wp-block-column-is-layout-flow\" style=\"flex-basis:66.66%\">\n<figure class=\"wp-block-gallery has-nested-images columns-default is-cropped wp-block-gallery-1 is-layout-flex wp-block-gallery-is-layout-flex\">\n<figure class=\"wp-block-image size-full\"><img loading=\"lazy\" decoding=\"async\" width=\"1000\" height=\"563\" data-id=\"977\" src=\"https:\/\/circularmaterialsystems.com\/wp-content\/uploads\/2024\/01\/04_K118_bild_GH.png\" alt=\"\" class=\"wp-image-977\" srcset=\"https:\/\/circularmaterialsystems.com\/wp-content\/uploads\/2024\/01\/04_K118_bild_GH.png 1000w, https:\/\/circularmaterialsystems.com\/wp-content\/uploads\/2024\/01\/04_K118_bild_GH-300x169.png 300w, https:\/\/circularmaterialsystems.com\/wp-content\/uploads\/2024\/01\/04_K118_bild_GH-768x432.png 768w, https:\/\/circularmaterialsystems.com\/wp-content\/uploads\/2024\/01\/04_K118_bild_GH-18x10.png 18w\" sizes=\"auto, (max-width: 1000px) 100vw, 1000px\" \/><figcaption class=\"wp-element-caption\">\u00a9 Vera van Maaren<\/figcaption><\/figure>\n<\/figure>\n<\/div>\n<\/div>\n<\/div><\/div>\n\n\n\n<h2 class=\"wp-block-heading\" style=\"font-size:50px\">Von Praktiken lernen<\/h2>\n\n\n\n<div class=\"wp-block-group\"><div class=\"wp-block-group__inner-container is-layout-constrained wp-block-group-is-layout-constrained\">\n<div class=\"wp-block-columns is-layout-flex wp-container-core-columns-is-layout-9d6595d7 wp-block-columns-is-layout-flex\">\n<div class=\"wp-block-column is-layout-flow wp-block-column-is-layout-flow\" style=\"flex-basis:33.33%\">\n<p>Diese Plattform sammelt zirkul\u00e4re Praktiken, die dazu beitragen, Materialien in der Wertsch\u00f6pfungskette zu halten. Die Praktiken sind nach material- und designbezogenen sowie systemischen F\u00f6rderern gruppiert, die unausweichlich Teil des Bauekosystems sind. Sie sollen als praktische Unterst\u00fctzung f\u00fcr Architekten, Projektentwickler und Materialentwickler dienen.<\/p>\n\n\n\n<div class=\"wp-block-buttons is-layout-flex wp-block-buttons-is-layout-flex\">\n<div class=\"wp-block-button\"><a class=\"wp-block-button__link wp-element-button\" href=\"https:\/\/circularmaterialsystems.com\/de\/practice\/\">Praktiken erkunden<\/a><\/div>\n<\/div>\n<\/div>\n\n\n\n<div class=\"wp-block-column is-layout-flow wp-block-column-is-layout-flow\" style=\"flex-basis:66.66%\">\n<figure class=\"wp-block-gallery has-nested-images columns-default is-cropped wp-block-gallery-2 is-layout-flex wp-block-gallery-is-layout-flex\">\n<figure class=\"wp-block-image size-full\"><img loading=\"lazy\" decoding=\"async\" width=\"1000\" height=\"563\" data-id=\"979\" src=\"https:\/\/circularmaterialsystems.com\/wp-content\/uploads\/2024\/01\/04_resourcerows_Hjortshoj-1.png\" alt=\"\" class=\"wp-image-979\" srcset=\"https:\/\/circularmaterialsystems.com\/wp-content\/uploads\/2024\/01\/04_resourcerows_Hjortshoj-1.png 1000w, https:\/\/circularmaterialsystems.com\/wp-content\/uploads\/2024\/01\/04_resourcerows_Hjortshoj-1-300x169.png 300w, https:\/\/circularmaterialsystems.com\/wp-content\/uploads\/2024\/01\/04_resourcerows_Hjortshoj-1-768x432.png 768w, https:\/\/circularmaterialsystems.com\/wp-content\/uploads\/2024\/01\/04_resourcerows_Hjortshoj-1-18x10.png 18w\" sizes=\"auto, (max-width: 1000px) 100vw, 1000px\" \/><figcaption class=\"wp-element-caption\">\u00a9 by Rasmus Hjortsh\u00f8j<\/figcaption><\/figure>\n<\/figure>\n<\/div>\n<\/div>\n<\/div><\/div>","protected":false},"excerpt":{"rendered":"<p>The construction sector is responsible for large amounts of waste and emissions. Buildings are massive raw materials and energy guzzlers. The construction and operation of buildings accounts for 37% of global greenhouse gas emissions currently. To make matters worse, around 95% of the value of construction materials is lost as buildings decay into obsolescence and [&hellip;]<\/p>","protected":false},"author":1,"featured_media":0,"parent":0,"menu_order":0,"comment_status":"closed","ping_status":"closed","template":"page-home.php","meta":{"_acf_changed":false,"footnotes":""},"class_list":["post-48","page","type-page","status-publish","hentry"],"acf":[],"yoast_head":"<!-- This site is optimized with the Yoast SEO plugin v25.0 - https:\/\/yoast.com\/wordpress\/plugins\/seo\/ -->\n<title>Architecture with circular principles: Circular Material Systems<\/title>\n<meta name=\"description\" content=\"The Circular Material Systems project collects circular practices in construction across Europe, highlighting both material and immaterial practices for the circular architecture.\" \/>\n<meta name=\"robots\" content=\"index, follow, max-snippet:-1, max-image-preview:large, max-video-preview:-1\" \/>\n<link rel=\"canonical\" href=\"https:\/\/circularmaterialsystems.com\/de\/\" \/>\n<meta property=\"og:locale\" content=\"de_DE\" \/>\n<meta property=\"og:type\" content=\"article\" \/>\n<meta property=\"og:title\" content=\"Architecture with circular principles: Circular Material Systems\" \/>\n<meta property=\"og:description\" content=\"The Circular Material Systems project collects circular practices in construction across Europe, highlighting both material and immaterial practices for the circular architecture.\" \/>\n<meta property=\"og:url\" content=\"https:\/\/circularmaterialsystems.com\/de\/\" \/>\n<meta property=\"og:site_name\" content=\"Circular Material Systems\" \/>\n<meta property=\"article:modified_time\" content=\"2024-05-30T18:21:24+00:00\" \/>\n<meta property=\"og:image\" content=\"https:\/\/circularmaterialsystems.com\/wp-content\/uploads\/2024\/05\/Circular-Material-Systems-banner-2-1024x576.png\" \/>\n\t<meta property=\"og:image:width\" content=\"1024\" \/>\n\t<meta property=\"og:image:height\" content=\"576\" \/>\n\t<meta property=\"og:image:type\" content=\"image\/png\" \/>\n<meta name=\"twitter:card\" content=\"summary_large_image\" \/>\n<meta name=\"twitter:label1\" content=\"Gesch\u00e4tzte Lesezeit\" \/>\n\t<meta name=\"twitter:data1\" content=\"3\u00a0Minuten\" \/>\n<script type=\"application\/ld+json\" class=\"yoast-schema-graph\">{\"@context\":\"https:\/\/schema.org\",\"@graph\":[{\"@type\":\"WebPage\",\"@id\":\"https:\/\/circularmaterialsystems.com\/\",\"url\":\"https:\/\/circularmaterialsystems.com\/\",\"name\":\"Architecture with circular principles: Circular Material Systems\",\"isPartOf\":{\"@id\":\"https:\/\/circularmaterialsystems.com\/#website\"},\"primaryImageOfPage\":{\"@id\":\"https:\/\/circularmaterialsystems.com\/#primaryimage\"},\"image\":{\"@id\":\"https:\/\/circularmaterialsystems.com\/#primaryimage\"},\"thumbnailUrl\":\"https:\/\/circularmaterialsystems.com\/wp-content\/uploads\/2024\/05\/pexels-ron-lach-8830259-1-scaled.jpg\",\"datePublished\":\"2021-12-27T12:36:46+00:00\",\"dateModified\":\"2024-05-30T18:21:24+00:00\",\"description\":\"The Circular Material Systems project collects circular practices in construction across Europe, highlighting both material and immaterial practices for the circular architecture.\",\"breadcrumb\":{\"@id\":\"https:\/\/circularmaterialsystems.com\/#breadcrumb\"},\"inLanguage\":\"de\",\"potentialAction\":[{\"@type\":\"ReadAction\",\"target\":[\"https:\/\/circularmaterialsystems.com\/\"]}]},{\"@type\":\"ImageObject\",\"inLanguage\":\"de\",\"@id\":\"https:\/\/circularmaterialsystems.com\/#primaryimage\",\"url\":\"https:\/\/circularmaterialsystems.com\/wp-content\/uploads\/2024\/05\/pexels-ron-lach-8830259-1-scaled.jpg\",\"contentUrl\":\"https:\/\/circularmaterialsystems.com\/wp-content\/uploads\/2024\/05\/pexels-ron-lach-8830259-1-scaled.jpg\"},{\"@type\":\"BreadcrumbList\",\"@id\":\"https:\/\/circularmaterialsystems.com\/#breadcrumb\",\"itemListElement\":[{\"@type\":\"ListItem\",\"position\":1,\"name\":\"Home\",\"item\":\"https:\/\/circularmaterialsystems.com\/\"},{\"@type\":\"ListItem\",\"position\":2,\"name\":\"Home\"}]},{\"@type\":\"WebSite\",\"@id\":\"https:\/\/circularmaterialsystems.com\/#website\",\"url\":\"https:\/\/circularmaterialsystems.com\/\",\"name\":\"Circular Material Systems\",\"description\":\"\",\"potentialAction\":[{\"@type\":\"SearchAction\",\"target\":{\"@type\":\"EntryPoint\",\"urlTemplate\":\"https:\/\/circularmaterialsystems.com\/?s={search_term_string}\"},\"query-input\":{\"@type\":\"PropertyValueSpecification\",\"valueRequired\":true,\"valueName\":\"search_term_string\"}}],\"inLanguage\":\"de\"}]}<\/script>\n<!-- \/ Yoast SEO plugin. -->","yoast_head_json":{"title":"Architecture with circular principles: Circular Material Systems","description":"The Circular Material Systems project collects circular practices in construction across Europe, highlighting both material and immaterial practices for the circular architecture.","robots":{"index":"index","follow":"follow","max-snippet":"max-snippet:-1","max-image-preview":"max-image-preview:large","max-video-preview":"max-video-preview:-1"},"canonical":"https:\/\/circularmaterialsystems.com\/de\/","og_locale":"de_DE","og_type":"article","og_title":"Architecture with circular principles: Circular Material Systems","og_description":"The Circular Material Systems project collects circular practices in construction across Europe, highlighting both material and immaterial practices for the circular architecture.","og_url":"https:\/\/circularmaterialsystems.com\/de\/","og_site_name":"Circular Material Systems","article_modified_time":"2024-05-30T18:21:24+00:00","og_image":[{"width":1024,"height":576,"url":"https:\/\/circularmaterialsystems.com\/wp-content\/uploads\/2024\/05\/Circular-Material-Systems-banner-2-1024x576.png","type":"image\/png"}],"twitter_card":"summary_large_image","twitter_misc":{"Gesch\u00e4tzte Lesezeit":"3\u00a0Minuten"},"schema":{"@context":"https:\/\/schema.org","@graph":[{"@type":"WebPage","@id":"https:\/\/circularmaterialsystems.com\/","url":"https:\/\/circularmaterialsystems.com\/","name":"Architecture with circular principles: Circular Material Systems","isPartOf":{"@id":"https:\/\/circularmaterialsystems.com\/#website"},"primaryImageOfPage":{"@id":"https:\/\/circularmaterialsystems.com\/#primaryimage"},"image":{"@id":"https:\/\/circularmaterialsystems.com\/#primaryimage"},"thumbnailUrl":"https:\/\/circularmaterialsystems.com\/wp-content\/uploads\/2024\/05\/pexels-ron-lach-8830259-1-scaled.jpg","datePublished":"2021-12-27T12:36:46+00:00","dateModified":"2024-05-30T18:21:24+00:00","description":"The Circular Material Systems project collects circular practices in construction across Europe, highlighting both material and immaterial practices for the circular architecture.","breadcrumb":{"@id":"https:\/\/circularmaterialsystems.com\/#breadcrumb"},"inLanguage":"de","potentialAction":[{"@type":"ReadAction","target":["https:\/\/circularmaterialsystems.com\/"]}]},{"@type":"ImageObject","inLanguage":"de","@id":"https:\/\/circularmaterialsystems.com\/#primaryimage","url":"https:\/\/circularmaterialsystems.com\/wp-content\/uploads\/2024\/05\/pexels-ron-lach-8830259-1-scaled.jpg","contentUrl":"https:\/\/circularmaterialsystems.com\/wp-content\/uploads\/2024\/05\/pexels-ron-lach-8830259-1-scaled.jpg"},{"@type":"BreadcrumbList","@id":"https:\/\/circularmaterialsystems.com\/#breadcrumb","itemListElement":[{"@type":"ListItem","position":1,"name":"Home","item":"https:\/\/circularmaterialsystems.com\/"},{"@type":"ListItem","position":2,"name":"Home"}]},{"@type":"WebSite","@id":"https:\/\/circularmaterialsystems.com\/#website","url":"https:\/\/circularmaterialsystems.com\/","name":"Circular Material Systems","description":"","potentialAction":[{"@type":"SearchAction","target":{"@type":"EntryPoint","urlTemplate":"https:\/\/circularmaterialsystems.com\/?s={search_term_string}"},"query-input":{"@type":"PropertyValueSpecification","valueRequired":true,"valueName":"search_term_string"}}],"inLanguage":"de"}]}},"_links":{"self":[{"href":"https:\/\/circularmaterialsystems.com\/de\/wp-json\/wp\/v2\/pages\/48","targetHints":{"allow":["GET"]}}],"collection":[{"href":"https:\/\/circularmaterialsystems.com\/de\/wp-json\/wp\/v2\/pages"}],"about":[{"href":"https:\/\/circularmaterialsystems.com\/de\/wp-json\/wp\/v2\/types\/page"}],"author":[{"embeddable":true,"href":"https:\/\/circularmaterialsystems.com\/de\/wp-json\/wp\/v2\/users\/1"}],"replies":[{"embeddable":true,"href":"https:\/\/circularmaterialsystems.com\/de\/wp-json\/wp\/v2\/comments?post=48"}],"version-history":[{"count":112,"href":"https:\/\/circularmaterialsystems.com\/de\/wp-json\/wp\/v2\/pages\/48\/revisions"}],"predecessor-version":[{"id":1240,"href":"https:\/\/circularmaterialsystems.com\/de\/wp-json\/wp\/v2\/pages\/48\/revisions\/1240"}],"wp:attachment":[{"href":"https:\/\/circularmaterialsystems.com\/de\/wp-json\/wp\/v2\/media?parent=48"}],"curies":[{"name":"wp","href":"https:\/\/api.w.org\/{rel}","templated":true}]}}