{"id":27,"date":"2021-09-27T14:11:15","date_gmt":"2021-09-27T12:11:15","guid":{"rendered":"https:\/\/circularmaterialsystems.com\/?page_id=27"},"modified":"2024-01-30T18:14:06","modified_gmt":"2024-01-30T17:14:06","slug":"about","status":"publish","type":"page","link":"https:\/\/circularmaterialsystems.com\/de\/about\/","title":{"rendered":"\u00dcBER UNS"},"content":{"rendered":"<p>\u201aCircular Material Systems\u2018 sammelt kreislauforientierte Praktiken im Bauwesen in ganz Europa, die dazu beitragen, Materialien in der Wertsch\u00f6pfungskette zu halten. Durch die Hervorhebung sowohl materieller als auch immaterieller Praktiken entsteht eine neue architektonische Sprache, die dem Zeitalter des Anthropoz\u00e4ns angepasst ist. Neben der Geb\u00e4udeanalyse wurden zirkul\u00e4re Praktiken identifiziert, mit dem Ziel, praktische Schritte und Hilfe f\u00fcr Designer, Bauherren und Verm\u00f6gensinhaber anzubieten, die die Prinzipien der Circular Economy in ihre Projekte integrieren m\u00f6chten.<\/p>\n\n\n\n<p>Das Projekt war das Ergebnis einer Forschungskollaboration zwischen Georg Hubmann und Vera van Maaren. Sie lehrten vier Seminare an der TU Berlin zwischen 2021 und 2023, pr\u00e4sentierten Papers auf zwei Konferenzen und einem Symposium, organisierten drei Ausstellungen, waren Teil des New European Bauhaus Festivals, unternahmen Vor-Ort-Besuche und hatten zahlreiche Arbeitstreffen, um dies zu erm\u00f6glichen. Ein gro\u00dfes Lob geht an alle 65 Studierenden, die mit Leidenschaft zu den Fallstudien beigetragen haben.<\/p>\n\n\n\n<p>Das Circular Berlin-Team lieferte wertvolle Beitr\u00e4ge zur Finalisierung des Fallstudieninhalts und zur Beschreibung von Praktiken. Au\u00dferdem trugen sie zur Umsetzung der Website bei. <\/p>\n\n\n\n<h2 class=\"wp-block-heading\">KOLLABORATEURE<\/h2>\n\n\n\n<h4 class=\"wp-block-heading\">PROJEKT- UND KONZEPTENTWURF<\/h4>\n\n\n\n<p><a href=\"https:\/\/orcid.org\/0000-0003-1069-4977\">Georg Hubmann<\/a><br>Vera van Maaren<br>Dina Padalkina, Circular Berlin<\/p>\n\n\n\n<h4 class=\"wp-block-heading\">INHALTSBEITRAGENDE<\/h4>\n\n\n\n<p>Alexey Kotegov, Alexia Bastard, Alexis Rolin, Ana Filipa Alvaneo, Andrew Parry, Ani Tashi, Anne Sophie Wilhelm, Benedikt Kurz, Benjamin Peralta, Charlotte Cioni, Christian Zimmermann, Dayana Adzhemova, Dennis Antiperovitch, El\u00e9na Toth , Elisa Eagleton, Elmedina Ajvazaj, Eren Cavusoglu, Felix Exton-Smith, Gabriel Sigler, G\u00f6kce Senol, Jehad Waleed Abd Elrahem Taqatqa, Johannes H\u00e4ufler, Jonas M\u00f6ller, Juan Pablo Vaca Lago, Julia Freiin Rinck von Baldenstein, Katarzyna Maliszewska, Katrina Malinski, Kazuki Ohashi, Kevin Lehoux, Konrad Mothes, Laura Mysengsay, Leo David Luken, Lila Gouillaud, Lorenz Sedlmayr, Louis Mahiant, Lucas Rolim Carvalho Rodrigues Leite, Luisa Limbach, Lupus Siegert, Mairi Zountsa, Manon Ponthieu, Maria Domingo, Marie Quante, Marlon Theis, Matthew Straub, Natalia Garcia Medellin, Nina Koschmann, Nisa K\u00f6m\u00fcrc\u00fc, Nora Kersting, Nouran Mansour, Pascal M\u00fcller, Paul Porath, Rahman Esfaqur&nbsp;, Susan Dodd, Valentin Suhr, Yasmin Sara Fennessy, Zhuoran Zhang, Ziran Mao<\/p>\n\n\n\n<h4 class=\"wp-block-heading\">GRAFISCHE UND WEBGESTALTUNG<\/h4>\n\n\n\n<p>Gian Marco Morigi, Visual Identity<br>Max Mauracher,\u00a0<a href=\"https:\/\/newstandard.studio\">New Standard.Studio<\/a>,\u00a0Web Design<br>Julius Schaeufele,\u00a0<a href=\"https:\/\/concular.de\">Concular<\/a>, Website Entwicklung<br><a href=\"http:\/\/www.circular.berlin\">Circular Berlin<\/a> team: Cristina Orizzonte, Jessamy Hardie, Jojo Shone, Susan Weide<\/p>\n\n\n\n<h4 class=\"wp-block-heading\">Weitere Unterst\u00fctzung<\/h4>\n\n\n\n<p class=\"translation-block\">Wir m\u00f6chten dem Team der <a href=\"https:\/\/www.berlin-university-alliance.de\" target=\"_self\">Berlin University Alliance (BUA)<\/a> \u00fcr ihre finanzielle Unterst\u00fctzung im Rahmen des X-Student Research Programme danken, ebenso wie der <a href=\"https:\/\/www.netherlandsworldwide.nl\/contact\/embassies-consulates-general\/germany\/embassy-berlin\" target=\"_self\">Botschaft der Niederlande in Berlin<\/a>, <a href=\"https:\/\/concular.de\" target=\"_self\">Concular<\/a>, <a href=\"https:\/\/madaster.de\" target=\"_self\">Madaster<\/a> und <a href=\"https:\/\/www.material-mafia.net\" target=\"_self\">Material Mafia <\/a> f\u00fcr ihre Unterst\u00fctzung. Ebenso der  <a href=\"https:\/\/www.ikeastiftung.de\" data-type=\"link\" data-id=\"https:\/\/www.ikeastiftung.de\" target=\"_self\">IKEA Stiftung<\/a> f\u00fcr die Unterst\u00fctzung bei der Umsetzung der Website.<\/p>\n\n\n\n<h2 class=\"wp-block-heading\">KONTAKT<\/h2>\n\n\n\n<p>team(a)circular.berlin<br>Bitte folgen Sie unserem&nbsp;<a href=\"https:\/\/www.instagram.com\/circularmaterialsystems\/\">Instagram-account<\/a>&nbsp;f\u00fcr Updates<\/p>\n\n\n\n<h4 class=\"wp-block-heading\">VERWENDUNG VON BILDMATERIAL<\/h4>\n\n\n\n<p>Bitte kontaktieren Sie uns, falls Sie Bilder von dieser Website nutzen m\u00f6chten. <\/p>","protected":false},"excerpt":{"rendered":"<p>\u2018Circular Material Systems\u2019 collects circular practices in construction across Europe that contribute to keep materials in the value chain. By highlighting material as well as immaterial practices, a new architectural language emerges that is adapted to the age of the Anthropocene. In addition to the building analysis, circular practices were identified, aiming to offer practical [&hellip;]<\/p>","protected":false},"author":1,"featured_media":0,"parent":0,"menu_order":0,"comment_status":"closed","ping_status":"closed","template":"","meta":{"_acf_changed":false,"footnotes":""},"class_list":["post-27","page","type-page","status-publish","hentry"],"acf":[],"yoast_head":"<!-- This site is optimized with the Yoast SEO plugin v25.0 - https:\/\/yoast.com\/wordpress\/plugins\/seo\/ -->\n<title>ABOUT - Circular Material Systems<\/title>\n<meta name=\"robots\" content=\"index, follow, max-snippet:-1, max-image-preview:large, max-video-preview:-1\" \/>\n<link rel=\"canonical\" href=\"https:\/\/circularmaterialsystems.com\/de\/about\/\" \/>\n<meta property=\"og:locale\" content=\"de_DE\" \/>\n<meta property=\"og:type\" content=\"article\" \/>\n<meta property=\"og:title\" content=\"ABOUT - Circular Material Systems\" \/>\n<meta property=\"og:description\" content=\"\u2018Circular Material Systems\u2019 collects circular practices in construction across Europe that contribute to keep materials in the value chain. By highlighting material as well as immaterial practices, a new architectural language emerges that is adapted to the age of the Anthropocene. In addition to the building analysis, circular practices were identified, aiming to offer practical [&hellip;]\" \/>\n<meta property=\"og:url\" content=\"https:\/\/circularmaterialsystems.com\/de\/about\/\" \/>\n<meta property=\"og:site_name\" content=\"Circular Material Systems\" \/>\n<meta property=\"article:modified_time\" content=\"2024-01-30T17:14:06+00:00\" \/>\n<meta name=\"twitter:card\" content=\"summary_large_image\" \/>\n<meta name=\"twitter:label1\" content=\"Gesch\u00e4tzte Lesezeit\" \/>\n\t<meta name=\"twitter:data1\" content=\"2\u00a0Minuten\" \/>\n<script type=\"application\/ld+json\" class=\"yoast-schema-graph\">{\"@context\":\"https:\/\/schema.org\",\"@graph\":[{\"@type\":\"WebPage\",\"@id\":\"https:\/\/circularmaterialsystems.com\/about\/\",\"url\":\"https:\/\/circularmaterialsystems.com\/about\/\",\"name\":\"ABOUT - Circular Material Systems\",\"isPartOf\":{\"@id\":\"https:\/\/circularmaterialsystems.com\/#website\"},\"datePublished\":\"2021-09-27T12:11:15+00:00\",\"dateModified\":\"2024-01-30T17:14:06+00:00\",\"breadcrumb\":{\"@id\":\"https:\/\/circularmaterialsystems.com\/about\/#breadcrumb\"},\"inLanguage\":\"de\",\"potentialAction\":[{\"@type\":\"ReadAction\",\"target\":[\"https:\/\/circularmaterialsystems.com\/about\/\"]}]},{\"@type\":\"BreadcrumbList\",\"@id\":\"https:\/\/circularmaterialsystems.com\/about\/#breadcrumb\",\"itemListElement\":[{\"@type\":\"ListItem\",\"position\":1,\"name\":\"Home\",\"item\":\"https:\/\/circularmaterialsystems.com\/\"},{\"@type\":\"ListItem\",\"position\":2,\"name\":\"ABOUT\"}]},{\"@type\":\"WebSite\",\"@id\":\"https:\/\/circularmaterialsystems.com\/#website\",\"url\":\"https:\/\/circularmaterialsystems.com\/\",\"name\":\"Circular Material Systems\",\"description\":\"\",\"potentialAction\":[{\"@type\":\"SearchAction\",\"target\":{\"@type\":\"EntryPoint\",\"urlTemplate\":\"https:\/\/circularmaterialsystems.com\/?s={search_term_string}\"},\"query-input\":{\"@type\":\"PropertyValueSpecification\",\"valueRequired\":true,\"valueName\":\"search_term_string\"}}],\"inLanguage\":\"de\"}]}<\/script>\n<!-- \/ Yoast SEO plugin. -->","yoast_head_json":{"title":"ABOUT - Circular Material Systems","robots":{"index":"index","follow":"follow","max-snippet":"max-snippet:-1","max-image-preview":"max-image-preview:large","max-video-preview":"max-video-preview:-1"},"canonical":"https:\/\/circularmaterialsystems.com\/de\/about\/","og_locale":"de_DE","og_type":"article","og_title":"ABOUT - Circular Material Systems","og_description":"\u2018Circular Material Systems\u2019 collects circular practices in construction across Europe that contribute to keep materials in the value chain. By highlighting material as well as immaterial practices, a new architectural language emerges that is adapted to the age of the Anthropocene. In addition to the building analysis, circular practices were identified, aiming to offer practical [&hellip;]","og_url":"https:\/\/circularmaterialsystems.com\/de\/about\/","og_site_name":"Circular Material Systems","article_modified_time":"2024-01-30T17:14:06+00:00","twitter_card":"summary_large_image","twitter_misc":{"Gesch\u00e4tzte Lesezeit":"2\u00a0Minuten"},"schema":{"@context":"https:\/\/schema.org","@graph":[{"@type":"WebPage","@id":"https:\/\/circularmaterialsystems.com\/about\/","url":"https:\/\/circularmaterialsystems.com\/about\/","name":"ABOUT - Circular Material Systems","isPartOf":{"@id":"https:\/\/circularmaterialsystems.com\/#website"},"datePublished":"2021-09-27T12:11:15+00:00","dateModified":"2024-01-30T17:14:06+00:00","breadcrumb":{"@id":"https:\/\/circularmaterialsystems.com\/about\/#breadcrumb"},"inLanguage":"de","potentialAction":[{"@type":"ReadAction","target":["https:\/\/circularmaterialsystems.com\/about\/"]}]},{"@type":"BreadcrumbList","@id":"https:\/\/circularmaterialsystems.com\/about\/#breadcrumb","itemListElement":[{"@type":"ListItem","position":1,"name":"Home","item":"https:\/\/circularmaterialsystems.com\/"},{"@type":"ListItem","position":2,"name":"ABOUT"}]},{"@type":"WebSite","@id":"https:\/\/circularmaterialsystems.com\/#website","url":"https:\/\/circularmaterialsystems.com\/","name":"Circular Material Systems","description":"","potentialAction":[{"@type":"SearchAction","target":{"@type":"EntryPoint","urlTemplate":"https:\/\/circularmaterialsystems.com\/?s={search_term_string}"},"query-input":{"@type":"PropertyValueSpecification","valueRequired":true,"valueName":"search_term_string"}}],"inLanguage":"de"}]}},"_links":{"self":[{"href":"https:\/\/circularmaterialsystems.com\/de\/wp-json\/wp\/v2\/pages\/27","targetHints":{"allow":["GET"]}}],"collection":[{"href":"https:\/\/circularmaterialsystems.com\/de\/wp-json\/wp\/v2\/pages"}],"about":[{"href":"https:\/\/circularmaterialsystems.com\/de\/wp-json\/wp\/v2\/types\/page"}],"author":[{"embeddable":true,"href":"https:\/\/circularmaterialsystems.com\/de\/wp-json\/wp\/v2\/users\/1"}],"replies":[{"embeddable":true,"href":"https:\/\/circularmaterialsystems.com\/de\/wp-json\/wp\/v2\/comments?post=27"}],"version-history":[{"count":15,"href":"https:\/\/circularmaterialsystems.com\/de\/wp-json\/wp\/v2\/pages\/27\/revisions"}],"predecessor-version":[{"id":1005,"href":"https:\/\/circularmaterialsystems.com\/de\/wp-json\/wp\/v2\/pages\/27\/revisions\/1005"}],"wp:attachment":[{"href":"https:\/\/circularmaterialsystems.com\/de\/wp-json\/wp\/v2\/media?parent=27"}],"curies":[{"name":"wp","href":"https:\/\/api.w.org\/{rel}","templated":true}]}}